{"id":1245,"date":"2021-08-23T07:15:28","date_gmt":"2021-08-23T07:15:28","guid":{"rendered":"https:\/\/pspv-psoevalencia.org\/accion-municipal\/"},"modified":"2022-12-28T10:36:24","modified_gmt":"2022-12-28T10:36:24","slug":"accio-municipal","status":"publish","type":"page","link":"https:\/\/pspv-psoevalencia.org\/va\/accio-municipal\/","title":{"rendered":"Acci\u00f3 municipal"},"content":{"rendered":"","protected":false},"excerpt":{"rendered":"<p>Aix\u00ed fem de Val\u00e8ncia una ciutat millor<\/p>\n","protected":false},"author":2,"featured_media":1146,"parent":0,"menu_order":0,"comment_status":"closed","ping_status":"closed","template":"","meta":{"_acf_changed":false,"footnotes":""},"class_list":["post-1245","page","type-page","status-publish","has-post-thumbnail","hentry"],"acf":[],"_links":{"self":[{"href":"https:\/\/pspv-psoevalencia.org\/va\/wp-json\/wp\/v2\/pages\/1245","targetHints":{"allow":["GET"]}}],"collection":[{"href":"https:\/\/pspv-psoevalencia.org\/va\/wp-json\/wp\/v2\/pages"}],"about":[{"href":"https:\/\/pspv-psoevalencia.org\/va\/wp-json\/wp\/v2\/types\/page"}],"author":[{"embeddable":true,"href":"https:\/\/pspv-psoevalencia.org\/va\/wp-json\/wp\/v2\/users\/2"}],"replies":[{"embeddable":true,"href":"https:\/\/pspv-psoevalencia.org\/va\/wp-json\/wp\/v2\/comments?post=1245"}],"version-history":[{"count":2,"href":"https:\/\/pspv-psoevalencia.org\/va\/wp-json\/wp\/v2\/pages\/1245\/revisions"}],"predecessor-version":[{"id":1655,"href":"https:\/\/pspv-psoevalencia.org\/va\/wp-json\/wp\/v2\/pages\/1245\/revisions\/1655"}],"wp:featuredmedia":[{"embeddable":true,"href":"https:\/\/pspv-psoevalencia.org\/va\/wp-json\/wp\/v2\/media\/1146"}],"wp:attachment":[{"href":"https:\/\/pspv-psoevalencia.org\/va\/wp-json\/wp\/v2\/media?parent=1245"}],"curies":[{"name":"wp","href":"https:\/\/api.w.org\/{rel}","templated":true}]}}