{"id":1244,"date":"2021-08-23T07:16:26","date_gmt":"2021-08-23T07:16:26","guid":{"rendered":"https:\/\/pspv-psoevalencia.org\/sandra-gomez\/"},"modified":"2025-10-29T10:53:06","modified_gmt":"2025-10-29T10:53:06","slug":"sandra-gomez","status":"publish","type":"page","link":"https:\/\/pspv-psoevalencia.org\/va\/sandra-gomez\/","title":{"rendered":"Pilar Bernab\u00e9"},"content":{"rendered":"","protected":false},"excerpt":{"rendered":"<p>Vicealcaldessa de Val\u00e8ncia, Secretaria General del PSOE de la ciutat de Val\u00e8ncia i candidata a l&#8217;Alcaldia de Val\u00e8ncia<\/p>\n","protected":false},"author":2,"featured_media":9898,"parent":0,"menu_order":0,"comment_status":"closed","ping_status":"closed","template":"","meta":{"_acf_changed":false,"footnotes":""},"class_list":["post-1244","page","type-page","status-publish","has-post-thumbnail","hentry"],"acf":[],"_links":{"self":[{"href":"https:\/\/pspv-psoevalencia.org\/va\/wp-json\/wp\/v2\/pages\/1244","targetHints":{"allow":["GET"]}}],"collection":[{"href":"https:\/\/pspv-psoevalencia.org\/va\/wp-json\/wp\/v2\/pages"}],"about":[{"href":"https:\/\/pspv-psoevalencia.org\/va\/wp-json\/wp\/v2\/types\/page"}],"author":[{"embeddable":true,"href":"https:\/\/pspv-psoevalencia.org\/va\/wp-json\/wp\/v2\/users\/2"}],"replies":[{"embeddable":true,"href":"https:\/\/pspv-psoevalencia.org\/va\/wp-json\/wp\/v2\/comments?post=1244"}],"version-history":[{"count":4,"href":"https:\/\/pspv-psoevalencia.org\/va\/wp-json\/wp\/v2\/pages\/1244\/revisions"}],"predecessor-version":[{"id":11308,"href":"https:\/\/pspv-psoevalencia.org\/va\/wp-json\/wp\/v2\/pages\/1244\/revisions\/11308"}],"wp:featuredmedia":[{"embeddable":true,"href":"https:\/\/pspv-psoevalencia.org\/va\/wp-json\/wp\/v2\/media\/9898"}],"wp:attachment":[{"href":"https:\/\/pspv-psoevalencia.org\/va\/wp-json\/wp\/v2\/media?parent=1244"}],"curies":[{"name":"wp","href":"https:\/\/api.w.org\/{rel}","templated":true}]}}